{"id":286,"date":"2012-06-06T19:21:03","date_gmt":"2012-06-06T19:21:03","guid":{"rendered":"http:\/\/aliquando.id-3.net\/?page_id=286"},"modified":"2012-07-16T15:24:23","modified_gmt":"2012-07-16T19:24:23","slug":"formulaire-dinteret","status":"publish","type":"page","link":"https:\/\/equipecajolais.com\/en\/formulaire-dinteret\/","title":{"rendered":"Interest form"},"content":{"rendered":"<p><br \/>\n<\/p>","protected":false},"excerpt":{"rendered":"","protected":false},"author":1,"featured_media":0,"parent":0,"menu_order":0,"comment_status":"open","ping_status":"open","template":"pop_formulaire_interet.php","meta":{"_acf_changed":false,"footnotes":""},"class_list":["post-286","page","type-page","status-publish","hentry"],"acf":[],"yoast_head":"<!-- This site is optimized with the Yoast SEO plugin v26.7 - https:\/\/yoast.com\/wordpress\/plugins\/seo\/ -->\n<title>Formulaire d&#039;int\u00e9r\u00eatInterest form - \u00c9quipe Cajolais - Remax Qu\u00e9bec<\/title>\n<meta name=\"robots\" content=\"index, follow, max-snippet:-1, max-image-preview:large, max-video-preview:-1\" \/>\n<link rel=\"canonical\" href=\"https:\/\/equipecajolais.com\/en\/formulaire-dinteret\/\" \/>\n<meta property=\"og:locale\" content=\"en_US\" \/>\n<meta property=\"og:type\" content=\"article\" \/>\n<meta property=\"og:title\" content=\"Formulaire d&#039;int\u00e9r\u00eatInterest form - \u00c9quipe Cajolais - Remax Qu\u00e9bec\" \/>\n<meta property=\"og:url\" content=\"https:\/\/equipecajolais.com\/en\/formulaire-dinteret\/\" \/>\n<meta property=\"og:site_name\" content=\"\u00c9quipe Cajolais - Remax Qu\u00e9bec\" \/>\n<meta property=\"article:publisher\" content=\"https:\/\/www.facebook.com\/EquipeCajolais\" \/>\n<meta property=\"article:modified_time\" content=\"2012-07-16T19:24:23+00:00\" \/>\n<meta property=\"og:image\" content=\"https:\/\/equipecajolais.com\/files\/2022\/11\/Header_Facebook2022.png\" \/>\n<meta name=\"twitter:card\" content=\"summary_large_image\" \/>\n<meta name=\"twitter:image\" content=\"https:\/\/equipecajolais.com\/files\/2022\/11\/Header_Facebook2022.png\" \/>\n<script type=\"application\/ld+json\" class=\"yoast-schema-graph\">{\"@context\":\"https:\/\/schema.org\",\"@graph\":[{\"@type\":\"WebPage\",\"@id\":\"https:\/\/equipecajolais.com\/en\/formulaire-dinteret\/\",\"url\":\"https:\/\/equipecajolais.com\/en\/formulaire-dinteret\/\",\"name\":\"Formulaire d'int\u00e9r\u00eatInterest form - \u00c9quipe Cajolais - Remax Qu\u00e9bec\",\"isPartOf\":{\"@id\":\"https:\/\/equipecajolais.com\/#website\"},\"datePublished\":\"2012-06-06T19:21:03+00:00\",\"dateModified\":\"2012-07-16T19:24:23+00:00\",\"breadcrumb\":{\"@id\":\"https:\/\/equipecajolais.com\/en\/formulaire-dinteret\/#breadcrumb\"},\"inLanguage\":\"en-US\",\"potentialAction\":[{\"@type\":\"ReadAction\",\"target\":[\"https:\/\/equipecajolais.com\/en\/formulaire-dinteret\/\"]}]},{\"@type\":\"BreadcrumbList\",\"@id\":\"https:\/\/equipecajolais.com\/en\/formulaire-dinteret\/#breadcrumb\",\"itemListElement\":[{\"@type\":\"ListItem\",\"position\":1,\"name\":\"Accueil\",\"item\":\"https:\/\/equipecajolais.com\/\"},{\"@type\":\"ListItem\",\"position\":2,\"name\":\"Interest form\"}]},{\"@type\":\"WebSite\",\"@id\":\"https:\/\/equipecajolais.com\/#website\",\"url\":\"https:\/\/equipecajolais.com\/\",\"name\":\"\u00c9quipe Cajolais - Remax Qu\u00e9bec\",\"description\":\"Real Estate brokers\",\"potentialAction\":[{\"@type\":\"SearchAction\",\"target\":{\"@type\":\"EntryPoint\",\"urlTemplate\":\"https:\/\/equipecajolais.com\/?s={search_term_string}\"},\"query-input\":{\"@type\":\"PropertyValueSpecification\",\"valueRequired\":true,\"valueName\":\"search_term_string\"}}],\"inLanguage\":\"en-US\"}]}<\/script>\n<!-- \/ Yoast SEO plugin. -->","yoast_head_json":{"title":"Formulaire d'int\u00e9r\u00eatInterest form - \u00c9quipe Cajolais - Remax Qu\u00e9bec","robots":{"index":"index","follow":"follow","max-snippet":"max-snippet:-1","max-image-preview":"max-image-preview:large","max-video-preview":"max-video-preview:-1"},"canonical":"https:\/\/equipecajolais.com\/en\/formulaire-dinteret\/","og_locale":"en_US","og_type":"article","og_title":"Formulaire d'int\u00e9r\u00eatInterest form - \u00c9quipe Cajolais - Remax Qu\u00e9bec","og_url":"https:\/\/equipecajolais.com\/en\/formulaire-dinteret\/","og_site_name":"\u00c9quipe Cajolais - Remax Qu\u00e9bec","article_publisher":"https:\/\/www.facebook.com\/EquipeCajolais","article_modified_time":"2012-07-16T19:24:23+00:00","og_image":[{"url":"https:\/\/equipecajolais.com\/files\/2022\/11\/Header_Facebook2022.png","type":"","width":"","height":""}],"twitter_card":"summary_large_image","twitter_image":"https:\/\/equipecajolais.com\/files\/2022\/11\/Header_Facebook2022.png","schema":{"@context":"https:\/\/schema.org","@graph":[{"@type":"WebPage","@id":"https:\/\/equipecajolais.com\/en\/formulaire-dinteret\/","url":"https:\/\/equipecajolais.com\/en\/formulaire-dinteret\/","name":"Formulaire d'int\u00e9r\u00eatInterest form - \u00c9quipe Cajolais - Remax Qu\u00e9bec","isPartOf":{"@id":"https:\/\/equipecajolais.com\/#website"},"datePublished":"2012-06-06T19:21:03+00:00","dateModified":"2012-07-16T19:24:23+00:00","breadcrumb":{"@id":"https:\/\/equipecajolais.com\/en\/formulaire-dinteret\/#breadcrumb"},"inLanguage":"en-US","potentialAction":[{"@type":"ReadAction","target":["https:\/\/equipecajolais.com\/en\/formulaire-dinteret\/"]}]},{"@type":"BreadcrumbList","@id":"https:\/\/equipecajolais.com\/en\/formulaire-dinteret\/#breadcrumb","itemListElement":[{"@type":"ListItem","position":1,"name":"Accueil","item":"https:\/\/equipecajolais.com\/"},{"@type":"ListItem","position":2,"name":"Interest form"}]},{"@type":"WebSite","@id":"https:\/\/equipecajolais.com\/#website","url":"https:\/\/equipecajolais.com\/","name":"\u00c9quipe Cajolais - Remax Qu\u00e9bec","description":"Real Estate brokers","potentialAction":[{"@type":"SearchAction","target":{"@type":"EntryPoint","urlTemplate":"https:\/\/equipecajolais.com\/?s={search_term_string}"},"query-input":{"@type":"PropertyValueSpecification","valueRequired":true,"valueName":"search_term_string"}}],"inLanguage":"en-US"}]}},"_links":{"self":[{"href":"https:\/\/equipecajolais.com\/en\/wp-json\/wp\/v2\/pages\/286","targetHints":{"allow":["GET"]}}],"collection":[{"href":"https:\/\/equipecajolais.com\/en\/wp-json\/wp\/v2\/pages"}],"about":[{"href":"https:\/\/equipecajolais.com\/en\/wp-json\/wp\/v2\/types\/page"}],"author":[{"embeddable":true,"href":"https:\/\/equipecajolais.com\/en\/wp-json\/wp\/v2\/users\/1"}],"replies":[{"embeddable":true,"href":"https:\/\/equipecajolais.com\/en\/wp-json\/wp\/v2\/comments?post=286"}],"version-history":[{"count":5,"href":"https:\/\/equipecajolais.com\/en\/wp-json\/wp\/v2\/pages\/286\/revisions"}],"predecessor-version":[{"id":327,"href":"https:\/\/equipecajolais.com\/en\/wp-json\/wp\/v2\/pages\/286\/revisions\/327"}],"wp:attachment":[{"href":"https:\/\/equipecajolais.com\/en\/wp-json\/wp\/v2\/media?parent=286"}],"curies":[{"name":"wp","href":"https:\/\/api.w.org\/{rel}","templated":true}]}}