{"id":446,"date":"2013-09-11T15:01:26","date_gmt":"2013-09-11T19:01:26","guid":{"rendered":"http:\/\/remax.aliquando.id-3.net\/?page_id=414"},"modified":"2013-09-11T15:02:57","modified_gmt":"2013-09-11T19:02:57","slug":"alerte-immobiliere","status":"publish","type":"page","link":"https:\/\/equipecajolais.com\/en\/outils\/alerte-immobiliere\/","title":{"rendered":"Market Alert"},"content":{"rendered":"<p class=\"qtranxs-available-languages-message qtranxs-available-languages-message-en\">Sorry, this entry is only available in <a href=\"https:\/\/equipecajolais.com\/fr\/wp-json\/wp\/v2\/pages\/446\" class=\"qtranxs-available-language-link qtranxs-available-language-link-fr\" title=\"Fran\u00e7ais\">Fran\u00e7ais<\/a>.<\/p>","protected":false},"excerpt":{"rendered":"<p>Sorry, this entry is only available in Fran\u00e7ais.<\/p>\n","protected":false},"author":121,"featured_media":0,"parent":226,"menu_order":45,"comment_status":"open","ping_status":"open","template":"t_tools_market_alert.php","meta":{"_acf_changed":false,"footnotes":""},"class_list":["post-446","page","type-page","status-publish","hentry"],"acf":[],"yoast_head":"<!-- This site is optimized with the Yoast SEO plugin v26.7 - https:\/\/yoast.com\/wordpress\/plugins\/seo\/ -->\n<title>Alerte immobili\u00e8reMarket Alert - \u00c9quipe Cajolais - Remax Qu\u00e9bec<\/title>\n<meta name=\"robots\" content=\"index, follow, max-snippet:-1, max-image-preview:large, max-video-preview:-1\" \/>\n<link rel=\"canonical\" href=\"https:\/\/equipecajolais.com\/outils\/alerte-immobiliere\/\" \/>\n<meta property=\"og:locale\" content=\"en_US\" \/>\n<meta property=\"og:type\" content=\"article\" \/>\n<meta property=\"og:title\" content=\"Alerte immobili\u00e8reMarket Alert - \u00c9quipe Cajolais - Remax Qu\u00e9bec\" \/>\n<meta property=\"og:description\" content=\"Sorry, this entry is only available in Fran\u00e7ais.\" \/>\n<meta property=\"og:url\" content=\"https:\/\/equipecajolais.com\/outils\/alerte-immobiliere\/\" \/>\n<meta property=\"og:site_name\" content=\"\u00c9quipe Cajolais - Remax Qu\u00e9bec\" \/>\n<meta property=\"article:publisher\" content=\"https:\/\/www.facebook.com\/EquipeCajolais\" \/>\n<meta property=\"article:modified_time\" content=\"2013-09-11T19:02:57+00:00\" \/>\n<meta property=\"og:image\" content=\"https:\/\/equipecajolais.com\/files\/2022\/11\/Header_Facebook2022.png\" \/>\n<meta name=\"twitter:card\" content=\"summary_large_image\" \/>\n<meta name=\"twitter:image\" content=\"https:\/\/equipecajolais.com\/files\/2022\/11\/Header_Facebook2022.png\" \/>\n<script type=\"application\/ld+json\" class=\"yoast-schema-graph\">{\"@context\":\"https:\/\/schema.org\",\"@graph\":[{\"@type\":\"WebPage\",\"@id\":\"https:\/\/equipecajolais.com\/outils\/alerte-immobiliere\/\",\"url\":\"https:\/\/equipecajolais.com\/outils\/alerte-immobiliere\/\",\"name\":\"Alerte immobili\u00e8reMarket Alert - \u00c9quipe Cajolais - Remax Qu\u00e9bec\",\"isPartOf\":{\"@id\":\"https:\/\/equipecajolais.com\/#website\"},\"datePublished\":\"2013-09-11T19:01:26+00:00\",\"dateModified\":\"2013-09-11T19:02:57+00:00\",\"breadcrumb\":{\"@id\":\"https:\/\/equipecajolais.com\/outils\/alerte-immobiliere\/#breadcrumb\"},\"inLanguage\":\"en-US\",\"potentialAction\":[{\"@type\":\"ReadAction\",\"target\":[\"https:\/\/equipecajolais.com\/outils\/alerte-immobiliere\/\"]}]},{\"@type\":\"BreadcrumbList\",\"@id\":\"https:\/\/equipecajolais.com\/outils\/alerte-immobiliere\/#breadcrumb\",\"itemListElement\":[{\"@type\":\"ListItem\",\"position\":1,\"name\":\"Accueil\",\"item\":\"https:\/\/equipecajolais.com\/\"},{\"@type\":\"ListItem\",\"position\":2,\"name\":\"Outils\",\"item\":\"https:\/\/equipecajolais.com\/outils\/\"},{\"@type\":\"ListItem\",\"position\":3,\"name\":\"Alerte immobili\u00e8re\"}]},{\"@type\":\"WebSite\",\"@id\":\"https:\/\/equipecajolais.com\/#website\",\"url\":\"https:\/\/equipecajolais.com\/\",\"name\":\"\u00c9quipe Cajolais - Remax Qu\u00e9bec\",\"description\":\"Real Estate brokers\",\"potentialAction\":[{\"@type\":\"SearchAction\",\"target\":{\"@type\":\"EntryPoint\",\"urlTemplate\":\"https:\/\/equipecajolais.com\/?s={search_term_string}\"},\"query-input\":{\"@type\":\"PropertyValueSpecification\",\"valueRequired\":true,\"valueName\":\"search_term_string\"}}],\"inLanguage\":\"en-US\"}]}<\/script>\n<!-- \/ Yoast SEO plugin. -->","yoast_head_json":{"title":"Alerte immobili\u00e8reMarket Alert - \u00c9quipe Cajolais - Remax Qu\u00e9bec","robots":{"index":"index","follow":"follow","max-snippet":"max-snippet:-1","max-image-preview":"max-image-preview:large","max-video-preview":"max-video-preview:-1"},"canonical":"https:\/\/equipecajolais.com\/outils\/alerte-immobiliere\/","og_locale":"en_US","og_type":"article","og_title":"Alerte immobili\u00e8reMarket Alert - \u00c9quipe Cajolais - Remax Qu\u00e9bec","og_description":"Sorry, this entry is only available in Fran\u00e7ais.","og_url":"https:\/\/equipecajolais.com\/outils\/alerte-immobiliere\/","og_site_name":"\u00c9quipe Cajolais - Remax Qu\u00e9bec","article_publisher":"https:\/\/www.facebook.com\/EquipeCajolais","article_modified_time":"2013-09-11T19:02:57+00:00","og_image":[{"url":"https:\/\/equipecajolais.com\/files\/2022\/11\/Header_Facebook2022.png","type":"","width":"","height":""}],"twitter_card":"summary_large_image","twitter_image":"https:\/\/equipecajolais.com\/files\/2022\/11\/Header_Facebook2022.png","schema":{"@context":"https:\/\/schema.org","@graph":[{"@type":"WebPage","@id":"https:\/\/equipecajolais.com\/outils\/alerte-immobiliere\/","url":"https:\/\/equipecajolais.com\/outils\/alerte-immobiliere\/","name":"Alerte immobili\u00e8reMarket Alert - \u00c9quipe Cajolais - Remax Qu\u00e9bec","isPartOf":{"@id":"https:\/\/equipecajolais.com\/#website"},"datePublished":"2013-09-11T19:01:26+00:00","dateModified":"2013-09-11T19:02:57+00:00","breadcrumb":{"@id":"https:\/\/equipecajolais.com\/outils\/alerte-immobiliere\/#breadcrumb"},"inLanguage":"en-US","potentialAction":[{"@type":"ReadAction","target":["https:\/\/equipecajolais.com\/outils\/alerte-immobiliere\/"]}]},{"@type":"BreadcrumbList","@id":"https:\/\/equipecajolais.com\/outils\/alerte-immobiliere\/#breadcrumb","itemListElement":[{"@type":"ListItem","position":1,"name":"Accueil","item":"https:\/\/equipecajolais.com\/"},{"@type":"ListItem","position":2,"name":"Outils","item":"https:\/\/equipecajolais.com\/outils\/"},{"@type":"ListItem","position":3,"name":"Alerte immobili\u00e8re"}]},{"@type":"WebSite","@id":"https:\/\/equipecajolais.com\/#website","url":"https:\/\/equipecajolais.com\/","name":"\u00c9quipe Cajolais - Remax Qu\u00e9bec","description":"Real Estate brokers","potentialAction":[{"@type":"SearchAction","target":{"@type":"EntryPoint","urlTemplate":"https:\/\/equipecajolais.com\/?s={search_term_string}"},"query-input":{"@type":"PropertyValueSpecification","valueRequired":true,"valueName":"search_term_string"}}],"inLanguage":"en-US"}]}},"_links":{"self":[{"href":"https:\/\/equipecajolais.com\/en\/wp-json\/wp\/v2\/pages\/446","targetHints":{"allow":["GET"]}}],"collection":[{"href":"https:\/\/equipecajolais.com\/en\/wp-json\/wp\/v2\/pages"}],"about":[{"href":"https:\/\/equipecajolais.com\/en\/wp-json\/wp\/v2\/types\/page"}],"author":[{"embeddable":true,"href":"https:\/\/equipecajolais.com\/en\/wp-json\/wp\/v2\/users\/121"}],"replies":[{"embeddable":true,"href":"https:\/\/equipecajolais.com\/en\/wp-json\/wp\/v2\/comments?post=446"}],"version-history":[{"count":0,"href":"https:\/\/equipecajolais.com\/en\/wp-json\/wp\/v2\/pages\/446\/revisions"}],"up":[{"embeddable":true,"href":"https:\/\/equipecajolais.com\/en\/wp-json\/wp\/v2\/pages\/226"}],"wp:attachment":[{"href":"https:\/\/equipecajolais.com\/en\/wp-json\/wp\/v2\/media?parent=446"}],"curies":[{"name":"wp","href":"https:\/\/api.w.org\/{rel}","templated":true}]}}