{"id":489,"date":"2022-10-26T14:17:52","date_gmt":"2022-10-26T18:17:52","guid":{"rendered":"http:\/\/78940.b.aliquando.immo\/?page_id=489"},"modified":"2022-10-26T14:17:52","modified_gmt":"2022-10-26T18:17:52","slug":"temoignages","status":"publish","type":"page","link":"https:\/\/equipecajolais.com\/en\/temoignages\/","title":{"rendered":"Testimonials"},"content":{"rendered":"","protected":false},"excerpt":{"rendered":"","protected":false},"author":121,"featured_media":0,"parent":0,"menu_order":0,"comment_status":"closed","ping_status":"closed","template":"t_temoignages.php","meta":{"_acf_changed":false,"footnotes":""},"class_list":["post-489","page","type-page","status-publish","hentry"],"acf":[],"yoast_head":"<!-- This site is optimized with the Yoast SEO plugin v26.7 - https:\/\/yoast.com\/wordpress\/plugins\/seo\/ -->\n<title>Testimonials - \u00c9quipe Cajolais - Remax Qu\u00e9bec<\/title>\n<meta name=\"robots\" content=\"index, follow, max-snippet:-1, max-image-preview:large, max-video-preview:-1\" \/>\n<link rel=\"canonical\" href=\"https:\/\/equipecajolais.com\/en\/temoignages\/\" \/>\n<meta property=\"og:locale\" content=\"en_US\" \/>\n<meta property=\"og:type\" content=\"article\" \/>\n<meta property=\"og:title\" content=\"Testimonials - \u00c9quipe Cajolais - Remax Qu\u00e9bec\" \/>\n<meta property=\"og:url\" content=\"https:\/\/equipecajolais.com\/en\/temoignages\/\" \/>\n<meta property=\"og:site_name\" content=\"\u00c9quipe Cajolais - Remax Qu\u00e9bec\" \/>\n<meta property=\"article:publisher\" content=\"https:\/\/www.facebook.com\/EquipeCajolais\" \/>\n<meta property=\"og:image\" content=\"https:\/\/equipecajolais.com\/files\/2022\/11\/Header_Facebook2022.png\" \/>\n<meta name=\"twitter:card\" content=\"summary_large_image\" \/>\n<meta name=\"twitter:image\" content=\"https:\/\/equipecajolais.com\/files\/2022\/11\/Header_Facebook2022.png\" \/>\n<script type=\"application\/ld+json\" class=\"yoast-schema-graph\">{\"@context\":\"https:\/\/schema.org\",\"@graph\":[{\"@type\":\"WebPage\",\"@id\":\"https:\/\/equipecajolais.com\/en\/temoignages\/\",\"url\":\"https:\/\/equipecajolais.com\/en\/temoignages\/\",\"name\":\"[:fr]T\u00e9moignages[:en]Testimonials[:] - \u00c9quipe Cajolais - Remax Qu\u00e9bec\",\"isPartOf\":{\"@id\":\"https:\/\/equipecajolais.com\/#website\"},\"datePublished\":\"2022-10-26T18:17:52+00:00\",\"breadcrumb\":{\"@id\":\"https:\/\/equipecajolais.com\/en\/temoignages\/#breadcrumb\"},\"inLanguage\":\"en-US\",\"potentialAction\":[{\"@type\":\"ReadAction\",\"target\":[\"https:\/\/equipecajolais.com\/en\/temoignages\/\"]}]},{\"@type\":\"BreadcrumbList\",\"@id\":\"https:\/\/equipecajolais.com\/en\/temoignages\/#breadcrumb\",\"itemListElement\":[{\"@type\":\"ListItem\",\"position\":1,\"name\":\"Accueil\",\"item\":\"https:\/\/equipecajolais.com\/\"},{\"@type\":\"ListItem\",\"position\":2,\"name\":\"Testimonials\"}]},{\"@type\":\"WebSite\",\"@id\":\"https:\/\/equipecajolais.com\/#website\",\"url\":\"https:\/\/equipecajolais.com\/\",\"name\":\"\u00c9quipe Cajolais - Remax Qu\u00e9bec\",\"description\":\"Real Estate brokers\",\"potentialAction\":[{\"@type\":\"SearchAction\",\"target\":{\"@type\":\"EntryPoint\",\"urlTemplate\":\"https:\/\/equipecajolais.com\/?s={search_term_string}\"},\"query-input\":{\"@type\":\"PropertyValueSpecification\",\"valueRequired\":true,\"valueName\":\"search_term_string\"}}],\"inLanguage\":\"en-US\"}]}<\/script>\n<!-- \/ Yoast SEO plugin. -->","yoast_head_json":{"title":"Testimonials - \u00c9quipe Cajolais - Remax Qu\u00e9bec","robots":{"index":"index","follow":"follow","max-snippet":"max-snippet:-1","max-image-preview":"max-image-preview:large","max-video-preview":"max-video-preview:-1"},"canonical":"https:\/\/equipecajolais.com\/en\/temoignages\/","og_locale":"en_US","og_type":"article","og_title":"Testimonials - \u00c9quipe Cajolais - Remax Qu\u00e9bec","og_url":"https:\/\/equipecajolais.com\/en\/temoignages\/","og_site_name":"\u00c9quipe Cajolais - Remax Qu\u00e9bec","article_publisher":"https:\/\/www.facebook.com\/EquipeCajolais","og_image":[{"url":"https:\/\/equipecajolais.com\/files\/2022\/11\/Header_Facebook2022.png","type":"","width":"","height":""}],"twitter_card":"summary_large_image","twitter_image":"https:\/\/equipecajolais.com\/files\/2022\/11\/Header_Facebook2022.png","schema":{"@context":"https:\/\/schema.org","@graph":[{"@type":"WebPage","@id":"https:\/\/equipecajolais.com\/en\/temoignages\/","url":"https:\/\/equipecajolais.com\/en\/temoignages\/","name":"[:fr]T\u00e9moignages[:en]Testimonials[:] - \u00c9quipe Cajolais - Remax Qu\u00e9bec","isPartOf":{"@id":"https:\/\/equipecajolais.com\/#website"},"datePublished":"2022-10-26T18:17:52+00:00","breadcrumb":{"@id":"https:\/\/equipecajolais.com\/en\/temoignages\/#breadcrumb"},"inLanguage":"en-US","potentialAction":[{"@type":"ReadAction","target":["https:\/\/equipecajolais.com\/en\/temoignages\/"]}]},{"@type":"BreadcrumbList","@id":"https:\/\/equipecajolais.com\/en\/temoignages\/#breadcrumb","itemListElement":[{"@type":"ListItem","position":1,"name":"Accueil","item":"https:\/\/equipecajolais.com\/"},{"@type":"ListItem","position":2,"name":"Testimonials"}]},{"@type":"WebSite","@id":"https:\/\/equipecajolais.com\/#website","url":"https:\/\/equipecajolais.com\/","name":"\u00c9quipe Cajolais - Remax Qu\u00e9bec","description":"Real Estate brokers","potentialAction":[{"@type":"SearchAction","target":{"@type":"EntryPoint","urlTemplate":"https:\/\/equipecajolais.com\/?s={search_term_string}"},"query-input":{"@type":"PropertyValueSpecification","valueRequired":true,"valueName":"search_term_string"}}],"inLanguage":"en-US"}]}},"_links":{"self":[{"href":"https:\/\/equipecajolais.com\/en\/wp-json\/wp\/v2\/pages\/489","targetHints":{"allow":["GET"]}}],"collection":[{"href":"https:\/\/equipecajolais.com\/en\/wp-json\/wp\/v2\/pages"}],"about":[{"href":"https:\/\/equipecajolais.com\/en\/wp-json\/wp\/v2\/types\/page"}],"author":[{"embeddable":true,"href":"https:\/\/equipecajolais.com\/en\/wp-json\/wp\/v2\/users\/121"}],"replies":[{"embeddable":true,"href":"https:\/\/equipecajolais.com\/en\/wp-json\/wp\/v2\/comments?post=489"}],"version-history":[{"count":1,"href":"https:\/\/equipecajolais.com\/en\/wp-json\/wp\/v2\/pages\/489\/revisions"}],"predecessor-version":[{"id":490,"href":"https:\/\/equipecajolais.com\/en\/wp-json\/wp\/v2\/pages\/489\/revisions\/490"}],"wp:attachment":[{"href":"https:\/\/equipecajolais.com\/en\/wp-json\/wp\/v2\/media?parent=489"}],"curies":[{"name":"wp","href":"https:\/\/api.w.org\/{rel}","templated":true}]}}